{"id":56,"date":"2018-05-21T09:32:24","date_gmt":"2018-05-21T09:32:24","guid":{"rendered":"https:\/\/demo.keonthemes.com\/business-consulting\/?page_id=56"},"modified":"2021-10-27T09:45:36","modified_gmt":"2021-10-27T09:45:36","slug":"skusenosti","status":"publish","type":"page","link":"https:\/\/www.iso-poradenstvo.sk\/index.php\/skusenosti\/","title":{"rendered":"Sk\u00fasenosti"},"content":{"rendered":"\n<ul id=\"no_marks\" style=\"font-size:20px\"><li>Sk\u00fasenosti z pr\u00edpravy na certifik\u00e1ciu mana\u017e\u00e9rskych syst\u00e9mov od r. 1994 vo firm\u00e1ch r\u00f4zneho zamerania (stavebn\u00e1 v\u00fdroba, stroj\u00e1rska v\u00fdroba, textiln\u00e1 v\u00fdroba, zliev\u00e1rensk\u00e1 v\u00fdroba, obchod, zdravotn\u00edctvo, elektrotechnick\u00e1 v\u00fdroba, tla\u010diarensk\u00e1 v\u00fdroba, potravin\u00e1rska v\u00fdroba, poskytovanie r\u00f4znych slu\u017eieb &#8230;)<\/li><li>Sk\u00fasenosti z vykon\u00e1vania auditov pre certifika\u010dn\u00fd org\u00e1n ako ved\u00faci aud\u00edtor (cca 50 audito-dn\u00ed ro\u010dne)<\/li><li>Dlhoro\u010dn\u00e1 spolupr\u00e1ca s certifika\u010dn\u00fdmi org\u00e1nmi &#8211; neust\u00e1le roz\u0161irovanie informa\u010dnej z\u00e1kladne<\/li><\/ul>\n\n\n\n<p><\/p>\n","protected":false},"excerpt":{"rendered":"<p>Sk\u00fasenosti z pr\u00edpravy na certifik\u00e1ciu mana\u017e\u00e9rskych syst\u00e9mov od r. 1994 vo firm\u00e1ch r\u00f4zneho zamerania (stavebn\u00e1 v\u00fdroba, stroj\u00e1rska v\u00fdroba, textiln\u00e1 v\u00fdroba, zliev\u00e1rensk\u00e1 v\u00fdroba, obchod, zdravotn\u00edctvo, elektrotechnick\u00e1 v\u00fdroba, tla\u010diarensk\u00e1 v\u00fdroba, potravin\u00e1rska v\u00fdroba, poskytovanie r\u00f4znych slu\u017eieb &#8230;) Sk\u00fasenosti z vykon\u00e1vania auditov pre certifika\u010dn\u00fd org\u00e1n ako ved\u00faci aud\u00edtor (cca 50 audito-dn\u00ed ro\u010dne) Dlhoro\u010dn\u00e1 spolupr\u00e1ca s certifika\u010dn\u00fdmi org\u00e1nmi &#8211; neust\u00e1le [&hellip;]<\/p>\n","protected":false},"author":2,"featured_media":0,"parent":0,"menu_order":0,"comment_status":"closed","ping_status":"closed","template":"","meta":{"_monsterinsights_skip_tracking":false,"_monsterinsights_sitenote_active":false,"_monsterinsights_sitenote_note":"","_monsterinsights_sitenote_category":0},"_links":{"self":[{"href":"https:\/\/www.iso-poradenstvo.sk\/index.php\/wp-json\/wp\/v2\/pages\/56"}],"collection":[{"href":"https:\/\/www.iso-poradenstvo.sk\/index.php\/wp-json\/wp\/v2\/pages"}],"about":[{"href":"https:\/\/www.iso-poradenstvo.sk\/index.php\/wp-json\/wp\/v2\/types\/page"}],"author":[{"embeddable":true,"href":"https:\/\/www.iso-poradenstvo.sk\/index.php\/wp-json\/wp\/v2\/users\/2"}],"replies":[{"embeddable":true,"href":"https:\/\/www.iso-poradenstvo.sk\/index.php\/wp-json\/wp\/v2\/comments?post=56"}],"version-history":[{"count":5,"href":"https:\/\/www.iso-poradenstvo.sk\/index.php\/wp-json\/wp\/v2\/pages\/56\/revisions"}],"predecessor-version":[{"id":2595,"href":"https:\/\/www.iso-poradenstvo.sk\/index.php\/wp-json\/wp\/v2\/pages\/56\/revisions\/2595"}],"wp:attachment":[{"href":"https:\/\/www.iso-poradenstvo.sk\/index.php\/wp-json\/wp\/v2\/media?parent=56"}],"curies":[{"name":"wp","href":"https:\/\/api.w.org\/{rel}","templated":true}]}}