{"id":55,"date":"2018-05-21T09:31:08","date_gmt":"2018-05-21T09:31:08","guid":{"rendered":"https:\/\/demo.keonthemes.com\/business-consulting\/?page_id=55"},"modified":"2021-10-27T09:54:49","modified_gmt":"2021-10-27T09:54:49","slug":"certifikaty-a-osvedcenia","status":"publish","type":"page","link":"https:\/\/www.iso-poradenstvo.sk\/index.php\/certifikaty-a-osvedcenia\/","title":{"rendered":"Certifik\u00e1ty a osved\u010denia"},"content":{"rendered":"\n<ul id=\"no_marks\"><li><a href=\"https:\/\/www.iso-poradenstvo.sk\/files\/auditorroka2015.pdf\">Aud\u00edtor roka 2015<\/a><\/li><li><a href=\"https:\/\/www.iso-poradenstvo.sk\/files\/20160506.pdf\">Kvalifika\u010dn\u00fd certifik\u00e1t-QSCert<\/a><\/li><li><a href=\"https:\/\/www.iso-poradenstvo.sk\/files\/20160323b.pdf\">Osved\u010denie-9001-2015<\/a><\/li><li><a href=\"https:\/\/www.iso-poradenstvo.sk\/files\/20160323.pdf\">Osved\u010denie-14001-2015<\/a><\/li><li><a href=\"https:\/\/www.iso-poradenstvo.sk\/files\/20141202.pdf\">EMBA-osved\u010denie-EN<\/a><\/li><li><a href=\"https:\/\/www.iso-poradenstvo.sk\/files\/20141202b.pdf\">EMBA-osved\u010denie-PL<\/a><\/li><li><a href=\"https:\/\/www.iso-poradenstvo.sk\/files\/20121108.pdf\">ISO 27001-2005<\/a><\/li><li><a href=\"https:\/\/www.iso-poradenstvo.sk\/files\/20121003.pdf\">Kvalifika\u010dn\u00fd certifik\u00e1t-QSCert<\/a><\/li><li><a href=\"https:\/\/www.iso-poradenstvo.sk\/files\/20090930.pdf\">Osved\u010denie-Projekt-man-1<\/a><\/li><li><a href=\"https:\/\/www.iso-poradenstvo.sk\/files\/20091021.pdf\">Osved\u010denie-Projekt-man-2<\/a><\/li><li><a href=\"https:\/\/www.iso-poradenstvo.sk\/files\/certifikatvedauditor140012004.pdf\">Certifik\u00e1t-Ved aud\u00edtor-14001-2004<\/a><\/li><li><a href=\"https:\/\/www.iso-poradenstvo.sk\/files\/20070814.pdf\">Certifik\u00e1t-Ved aud\u00edtor-AQAP-2110-2003<\/a><\/li><li><a href=\"https:\/\/www.iso-poradenstvo.sk\/files\/20080410.pdf\">Certifik\u00e1t-Ved aud\u00edtor-18001-1999<\/a><\/li><li><a href=\"https:\/\/www.iso-poradenstvo.sk\/files\/20080815.pdf\">Certifik\u00e1t-Ved aud\u00edtor-18001-2007<\/a><\/li><li><a href=\"https:\/\/www.iso-poradenstvo.sk\/files\/20090116.pdf\">Certifik\u00e1t-Ved aud\u00edtor-9001-2008<\/a><\/li><li><a href=\"https:\/\/www.iso-poradenstvo.sk\/files\/20090702.pdf\">Certifik\u00e1t-Ved aud\u00edtor-AQAP-2110-2006<\/a><\/li><li><a href=\"https:\/\/www.iso-poradenstvo.sk\/files\/osvedceniesixsigma.pdf\">Osved\u010denie-six-sigma<\/a><\/li><li><a href=\"https:\/\/www.iso-poradenstvo.sk\/files\/externyauditor90012000.pdf\">Extern\u00fd aud\u00edtor 9001-2000<\/a><\/li><li><a href=\"https:\/\/www.iso-poradenstvo.sk\/files\/internyauditor18001.pdf\">Intern\u00fd aud\u00edtor-18001<\/a><\/li><li><a href=\"https:\/\/www.iso-poradenstvo.sk\/files\/tuvcertvedauditor9001.pdf\">TUVCERT-ved. auditor-9001<\/a><\/li><li><a href=\"https:\/\/www.iso-poradenstvo.sk\/files\/osvedceniebozp.pdf\">Osved\u010denie-BOZP<\/a><\/li><li><a href=\"https:\/\/www.iso-poradenstvo.sk\/files\/tuvcertauditor9001.pdf\">TUVCERT-auditor-9001<\/a><\/li><li><a href=\"https:\/\/www.iso-poradenstvo.sk\/files\/certifikateoqauditorkvality.pdf\">Certifik\u00e1t-EOQ-aud\u00edtor kvality<\/a><\/li><li><a href=\"https:\/\/www.iso-poradenstvo.sk\/files\/auditorjakosticsj.pdf\">Auditor jakosti-\u010cSJ<\/a><\/li><li><a href=\"https:\/\/www.iso-poradenstvo.sk\/files\/certifikateoqmanazerkvality.pdf\">Certifik\u00e1t-EOQ-mana\u017e\u00e9r kvality<\/a><\/li><li><a href=\"https:\/\/www.iso-poradenstvo.sk\/files\/certifikatmanazerjakosti.pdf\">Certifik\u00e1t-Mana\u017eer jakosti.pdf<\/a><\/li><li><a href=\"https:\/\/www.iso-poradenstvo.sk\/files\/osvedceniekrzmanazerjakosticsj.pdf\">Osved\u010denie-Kurz mana\u017eer jakosti-\u010cSJ<\/a><\/li><li><a href=\"https:\/\/www.iso-poradenstvo.sk\/files\/osvedceniekurzauditorcsj.pdf\">Osved\u010denie-Kurz aud\u00edtor-\u010cSJ<\/a><\/li><li><a href=\"https:\/\/www.iso-poradenstvo.sk\/files\/poradca9001rwtuv.pdf\">Poradca 9001 RW TUV<\/a><\/li><li><a href=\"https:\/\/www.iso-poradenstvo.sk\/files\/statistika1.pdf\">\u0160tatistika I<\/a><\/li><li><a href=\"https:\/\/www.iso-poradenstvo.sk\/files\/statistika2.pdf\">\u0160tatistika II<\/a><\/li><li><a href=\"https:\/\/www.iso-poradenstvo.sk\/files\/kurzinternyauditor.pdf\">Kurz Intern\u00fd aud\u00edtor<\/a><\/li><li><a href=\"https:\/\/www.iso-poradenstvo.sk\/files\/vsdiplom.pdf\">V\u0160 diplom<\/a><\/li><\/ul>\n","protected":false},"excerpt":{"rendered":"<p>Aud\u00edtor roka 2015 Kvalifika\u010dn\u00fd certifik\u00e1t-QSCert Osved\u010denie-9001-2015 Osved\u010denie-14001-2015 EMBA-osved\u010denie-EN EMBA-osved\u010denie-PL ISO 27001-2005 Kvalifika\u010dn\u00fd certifik\u00e1t-QSCert Osved\u010denie-Projekt-man-1 Osved\u010denie-Projekt-man-2 Certifik\u00e1t-Ved aud\u00edtor-14001-2004 Certifik\u00e1t-Ved aud\u00edtor-AQAP-2110-2003 Certifik\u00e1t-Ved aud\u00edtor-18001-1999 Certifik\u00e1t-Ved aud\u00edtor-18001-2007 Certifik\u00e1t-Ved aud\u00edtor-9001-2008 Certifik\u00e1t-Ved aud\u00edtor-AQAP-2110-2006 Osved\u010denie-six-sigma Extern\u00fd aud\u00edtor 9001-2000 Intern\u00fd aud\u00edtor-18001 TUVCERT-ved. auditor-9001 Osved\u010denie-BOZP TUVCERT-auditor-9001 Certifik\u00e1t-EOQ-aud\u00edtor kvality Auditor jakosti-\u010cSJ Certifik\u00e1t-EOQ-mana\u017e\u00e9r kvality Certifik\u00e1t-Mana\u017eer jakosti.pdf Osved\u010denie-Kurz mana\u017eer jakosti-\u010cSJ Osved\u010denie-Kurz aud\u00edtor-\u010cSJ Poradca 9001 RW TUV \u0160tatistika [&hellip;]<\/p>\n","protected":false},"author":2,"featured_media":0,"parent":0,"menu_order":0,"comment_status":"closed","ping_status":"closed","template":"","meta":{"_monsterinsights_skip_tracking":false,"_monsterinsights_sitenote_active":false,"_monsterinsights_sitenote_note":"","_monsterinsights_sitenote_category":0},"_links":{"self":[{"href":"https:\/\/www.iso-poradenstvo.sk\/index.php\/wp-json\/wp\/v2\/pages\/55"}],"collection":[{"href":"https:\/\/www.iso-poradenstvo.sk\/index.php\/wp-json\/wp\/v2\/pages"}],"about":[{"href":"https:\/\/www.iso-poradenstvo.sk\/index.php\/wp-json\/wp\/v2\/types\/page"}],"author":[{"embeddable":true,"href":"https:\/\/www.iso-poradenstvo.sk\/index.php\/wp-json\/wp\/v2\/users\/2"}],"replies":[{"embeddable":true,"href":"https:\/\/www.iso-poradenstvo.sk\/index.php\/wp-json\/wp\/v2\/comments?post=55"}],"version-history":[{"count":5,"href":"https:\/\/www.iso-poradenstvo.sk\/index.php\/wp-json\/wp\/v2\/pages\/55\/revisions"}],"predecessor-version":[{"id":2600,"href":"https:\/\/www.iso-poradenstvo.sk\/index.php\/wp-json\/wp\/v2\/pages\/55\/revisions\/2600"}],"wp:attachment":[{"href":"https:\/\/www.iso-poradenstvo.sk\/index.php\/wp-json\/wp\/v2\/media?parent=55"}],"curies":[{"name":"wp","href":"https:\/\/api.w.org\/{rel}","templated":true}]}}