{"id":35,"date":"2018-05-21T08:41:16","date_gmt":"2018-05-21T08:41:16","guid":{"rendered":"https:\/\/demo.keonthemes.com\/business-consulting\/?page_id=35"},"modified":"2021-10-27T09:12:35","modified_gmt":"2021-10-27T09:12:35","slug":"doing-the-right-thing-at-the-right-time","status":"publish","type":"page","link":"https:\/\/www.iso-poradenstvo.sk\/index.php\/doing-the-right-thing-at-the-right-time\/","title":{"rendered":"Potrebujete certifik\u00e1t pod\u013ea medzin\u00e1rodn\u00fdch noriem ISO?"},"content":{"rendered":"\n<p>Ste na spr\u00e1vnej adrese &#8211; pon\u00fakam:&nbsp;<\/p>\n\n\n\n<ul><li>Poradensk\u00fa a konzulta\u010dn\u00fa \u010dinnos\u0165, <\/li><li>\u0160kolenia, <\/li><li>Pr\u00edpravu na certifik\u00e1ciu, <\/li><li>Audity<\/li><\/ul>\n\n\n\n<p>\u00a0<\/p>\n","protected":false},"excerpt":{"rendered":"<p>Ste na spr\u00e1vnej adrese &#8211; pon\u00fakam:&nbsp; Poradensk\u00fa a konzulta\u010dn\u00fa \u010dinnos\u0165, \u0160kolenia, Pr\u00edpravu na certifik\u00e1ciu, Audity \u00a0<\/p>\n","protected":false},"author":2,"featured_media":43,"parent":0,"menu_order":0,"comment_status":"closed","ping_status":"closed","template":"","meta":{"_monsterinsights_skip_tracking":false,"_monsterinsights_sitenote_active":false,"_monsterinsights_sitenote_note":"","_monsterinsights_sitenote_category":0},"_links":{"self":[{"href":"https:\/\/www.iso-poradenstvo.sk\/index.php\/wp-json\/wp\/v2\/pages\/35"}],"collection":[{"href":"https:\/\/www.iso-poradenstvo.sk\/index.php\/wp-json\/wp\/v2\/pages"}],"about":[{"href":"https:\/\/www.iso-poradenstvo.sk\/index.php\/wp-json\/wp\/v2\/types\/page"}],"author":[{"embeddable":true,"href":"https:\/\/www.iso-poradenstvo.sk\/index.php\/wp-json\/wp\/v2\/users\/2"}],"replies":[{"embeddable":true,"href":"https:\/\/www.iso-poradenstvo.sk\/index.php\/wp-json\/wp\/v2\/comments?post=35"}],"version-history":[{"count":8,"href":"https:\/\/www.iso-poradenstvo.sk\/index.php\/wp-json\/wp\/v2\/pages\/35\/revisions"}],"predecessor-version":[{"id":2568,"href":"https:\/\/www.iso-poradenstvo.sk\/index.php\/wp-json\/wp\/v2\/pages\/35\/revisions\/2568"}],"wp:featuredmedia":[{"embeddable":true,"href":"https:\/\/www.iso-poradenstvo.sk\/index.php\/wp-json\/wp\/v2\/media\/43"}],"wp:attachment":[{"href":"https:\/\/www.iso-poradenstvo.sk\/index.php\/wp-json\/wp\/v2\/media?parent=35"}],"curies":[{"name":"wp","href":"https:\/\/api.w.org\/{rel}","templated":true}]}}