{"id":34,"date":"2018-05-21T08:03:05","date_gmt":"2018-05-21T08:03:05","guid":{"rendered":"https:\/\/demo.keonthemes.com\/business-consulting\/?page_id=34"},"modified":"2021-05-04T12:37:26","modified_gmt":"2021-05-04T12:37:26","slug":"helping-companies-for-change","status":"publish","type":"page","link":"https:\/\/www.iso-poradenstvo.sk\/index.php\/helping-companies-for-change\/","title":{"rendered":"Pomoc s pr\u00edpravou na audit"},"content":{"rendered":"<p>konzult\u00e1cie, n\u00e1vrhy, dokument\u00e1cia<\/p>\n","protected":false},"excerpt":{"rendered":"<p>konzult\u00e1cie, n\u00e1vrhy, dokument\u00e1cia<\/p>\n","protected":false},"author":2,"featured_media":39,"parent":0,"menu_order":0,"comment_status":"closed","ping_status":"closed","template":"","meta":{"_monsterinsights_skip_tracking":false,"_monsterinsights_sitenote_active":false,"_monsterinsights_sitenote_note":"","_monsterinsights_sitenote_category":0},"_links":{"self":[{"href":"https:\/\/www.iso-poradenstvo.sk\/index.php\/wp-json\/wp\/v2\/pages\/34"}],"collection":[{"href":"https:\/\/www.iso-poradenstvo.sk\/index.php\/wp-json\/wp\/v2\/pages"}],"about":[{"href":"https:\/\/www.iso-poradenstvo.sk\/index.php\/wp-json\/wp\/v2\/types\/page"}],"author":[{"embeddable":true,"href":"https:\/\/www.iso-poradenstvo.sk\/index.php\/wp-json\/wp\/v2\/users\/2"}],"replies":[{"embeddable":true,"href":"https:\/\/www.iso-poradenstvo.sk\/index.php\/wp-json\/wp\/v2\/comments?post=34"}],"version-history":[{"count":1,"href":"https:\/\/www.iso-poradenstvo.sk\/index.php\/wp-json\/wp\/v2\/pages\/34\/revisions"}],"predecessor-version":[{"id":2548,"href":"https:\/\/www.iso-poradenstvo.sk\/index.php\/wp-json\/wp\/v2\/pages\/34\/revisions\/2548"}],"wp:featuredmedia":[{"embeddable":true,"href":"https:\/\/www.iso-poradenstvo.sk\/index.php\/wp-json\/wp\/v2\/media\/39"}],"wp:attachment":[{"href":"https:\/\/www.iso-poradenstvo.sk\/index.php\/wp-json\/wp\/v2\/media?parent=34"}],"curies":[{"name":"wp","href":"https:\/\/api.w.org\/{rel}","templated":true}]}}