{"id":28,"date":"2018-05-21T07:52:12","date_gmt":"2018-05-21T07:52:12","guid":{"rendered":"https:\/\/demo.keonthemes.com\/business-consulting\/?page_id=28"},"modified":"2021-10-27T09:36:55","modified_gmt":"2021-10-27T09:36:55","slug":"suvisiace-sluzby","status":"publish","type":"page","link":"https:\/\/www.iso-poradenstvo.sk\/index.php\/suvisiace-sluzby\/","title":{"rendered":"S\u00favisiace slu\u017eby"},"content":{"rendered":"\n<ul id=\"no_marks\" style=\"font-size:20px\"><li>Odborn\u00e1 pomoc pri udr\u017eiavan\u00ed a zlep\u0161ovan\u00ed mana\u017e\u00e9rskych syst\u00e9mov<\/li><li>Vykon\u00e1vanie intern\u00fdch auditov mana\u017e\u00e9rskych syst\u00e9mov pod\u013ea po\u017eiadaviek z\u00e1kazn\u00edka<\/li><li>Extern\u00fd v\u00fdkon poz\u00edcie predstavite\u013ea mana\u017ementu pre mana\u017e\u00e9rsky syst\u00e9m<\/li><li>Vykon\u00e1vanie extern\u00fdch auditov u dod\u00e1vate\u013eov pre potreby z\u00e1kazn\u00edka<\/li><li>Sprostredkovanie certifika\u010dn\u00e9ho procesu opr\u00e1vnen\u00fdm certifika\u010dn\u00fdm org\u00e1nom<\/li><\/ul>\n\n\n\n<p><\/p>\n","protected":false},"excerpt":{"rendered":"<p>Odborn\u00e1 pomoc pri udr\u017eiavan\u00ed a zlep\u0161ovan\u00ed mana\u017e\u00e9rskych syst\u00e9mov Vykon\u00e1vanie intern\u00fdch auditov mana\u017e\u00e9rskych syst\u00e9mov pod\u013ea po\u017eiadaviek z\u00e1kazn\u00edka Extern\u00fd v\u00fdkon poz\u00edcie predstavite\u013ea mana\u017ementu pre mana\u017e\u00e9rsky syst\u00e9m Vykon\u00e1vanie extern\u00fdch auditov u dod\u00e1vate\u013eov pre potreby z\u00e1kazn\u00edka Sprostredkovanie certifika\u010dn\u00e9ho procesu opr\u00e1vnen\u00fdm certifika\u010dn\u00fdm org\u00e1nom<\/p>\n","protected":false},"author":2,"featured_media":0,"parent":0,"menu_order":0,"comment_status":"closed","ping_status":"closed","template":"","meta":{"_monsterinsights_skip_tracking":false,"_monsterinsights_sitenote_active":false,"_monsterinsights_sitenote_note":"","_monsterinsights_sitenote_category":0},"_links":{"self":[{"href":"https:\/\/www.iso-poradenstvo.sk\/index.php\/wp-json\/wp\/v2\/pages\/28"}],"collection":[{"href":"https:\/\/www.iso-poradenstvo.sk\/index.php\/wp-json\/wp\/v2\/pages"}],"about":[{"href":"https:\/\/www.iso-poradenstvo.sk\/index.php\/wp-json\/wp\/v2\/types\/page"}],"author":[{"embeddable":true,"href":"https:\/\/www.iso-poradenstvo.sk\/index.php\/wp-json\/wp\/v2\/users\/2"}],"replies":[{"embeddable":true,"href":"https:\/\/www.iso-poradenstvo.sk\/index.php\/wp-json\/wp\/v2\/comments?post=28"}],"version-history":[{"count":4,"href":"https:\/\/www.iso-poradenstvo.sk\/index.php\/wp-json\/wp\/v2\/pages\/28\/revisions"}],"predecessor-version":[{"id":2590,"href":"https:\/\/www.iso-poradenstvo.sk\/index.php\/wp-json\/wp\/v2\/pages\/28\/revisions\/2590"}],"wp:attachment":[{"href":"https:\/\/www.iso-poradenstvo.sk\/index.php\/wp-json\/wp\/v2\/media?parent=28"}],"curies":[{"name":"wp","href":"https:\/\/api.w.org\/{rel}","templated":true}]}}