{"id":27,"date":"2018-05-21T07:51:59","date_gmt":"2018-05-21T07:51:59","guid":{"rendered":"https:\/\/demo.keonthemes.com\/business-consulting\/?page_id=27"},"modified":"2021-10-27T09:31:25","modified_gmt":"2021-10-27T09:31:25","slug":"skolenia","status":"publish","type":"page","link":"https:\/\/www.iso-poradenstvo.sk\/index.php\/skolenia\/","title":{"rendered":"\u0160kolenia"},"content":{"rendered":"\n<ul id=\"no_marks\" style=\"font-size:20px\"><li> \u0160kolenia o po\u017eiadavk\u00e1ch vy\u0161\u0161ie uveden\u00fdch \u0161tandardov <\/li><li> \u0160kolenia intern\u00fdch aud\u00edtorov na vykon\u00e1vanie intern\u00fdch auditov v zmysle EN ISO 19011 <\/li><li> \u0160kolenia o n\u00e1strojoch riadenia a in\u00e9 \u0161pecifick\u00e9 \u0161kolenia pod\u013ea po\u017eiadaviek z\u00e1kazn\u00edka <\/li><\/ul>\n\n\n\n<p><\/p>\n","protected":false},"excerpt":{"rendered":"<p>\u0160kolenia o po\u017eiadavk\u00e1ch vy\u0161\u0161ie uveden\u00fdch \u0161tandardov \u0160kolenia intern\u00fdch aud\u00edtorov na vykon\u00e1vanie intern\u00fdch auditov v zmysle EN ISO 19011 \u0160kolenia o n\u00e1strojoch riadenia a in\u00e9 \u0161pecifick\u00e9 \u0161kolenia pod\u013ea po\u017eiadaviek z\u00e1kazn\u00edka<\/p>\n","protected":false},"author":2,"featured_media":0,"parent":0,"menu_order":0,"comment_status":"closed","ping_status":"closed","template":"","meta":{"_monsterinsights_skip_tracking":false,"_monsterinsights_sitenote_active":false,"_monsterinsights_sitenote_note":"","_monsterinsights_sitenote_category":0},"_links":{"self":[{"href":"https:\/\/www.iso-poradenstvo.sk\/index.php\/wp-json\/wp\/v2\/pages\/27"}],"collection":[{"href":"https:\/\/www.iso-poradenstvo.sk\/index.php\/wp-json\/wp\/v2\/pages"}],"about":[{"href":"https:\/\/www.iso-poradenstvo.sk\/index.php\/wp-json\/wp\/v2\/types\/page"}],"author":[{"embeddable":true,"href":"https:\/\/www.iso-poradenstvo.sk\/index.php\/wp-json\/wp\/v2\/users\/2"}],"replies":[{"embeddable":true,"href":"https:\/\/www.iso-poradenstvo.sk\/index.php\/wp-json\/wp\/v2\/comments?post=27"}],"version-history":[{"count":6,"href":"https:\/\/www.iso-poradenstvo.sk\/index.php\/wp-json\/wp\/v2\/pages\/27\/revisions"}],"predecessor-version":[{"id":2585,"href":"https:\/\/www.iso-poradenstvo.sk\/index.php\/wp-json\/wp\/v2\/pages\/27\/revisions\/2585"}],"wp:attachment":[{"href":"https:\/\/www.iso-poradenstvo.sk\/index.php\/wp-json\/wp\/v2\/media?parent=27"}],"curies":[{"name":"wp","href":"https:\/\/api.w.org\/{rel}","templated":true}]}}