{"id":20,"date":"2018-05-20T17:12:43","date_gmt":"2018-05-20T17:12:43","guid":{"rendered":"https:\/\/demo.keonthemes.com\/business-consulting\/?page_id=20"},"modified":"2021-10-27T09:27:39","modified_gmt":"2021-10-27T09:27:39","slug":"priprava-na-certifikaciu","status":"publish","type":"page","link":"https:\/\/www.iso-poradenstvo.sk\/index.php\/priprava-na-certifikaciu\/","title":{"rendered":"Pr\u00edprava na certifik\u00e1ciu"},"content":{"rendered":"\n<h2>Poradensk\u00e1 a konzulta\u010dn\u00e1 \u010dinnos\u0165 pri pr\u00edprave na certifik\u00e1ciu pod\u013ea \u0161tandardov:<\/h2>\n\n\n\n<ul id=\"no_marks\" style=\"font-size:20px\"><li>ISO 9001 &#8211; Syst\u00e9my mana\u017e\u00e9rstva kvality. Po\u017eiadavky<\/li><li>ISO 14001 &#8211; Syst\u00e9my environment\u00e1lneho mana\u017e\u00e9rstva. Po\u017eiadavky s pokynmi na pou\u017eitie<\/li><li>ISO 45001 &#8211; Syst\u00e9m mana\u017e\u00e9rstva BOZP. Po\u017eiadavky<\/li><li>AQAP 2110 &#8211; Po\u017eiadavky NATO na overovanie kvality vo v\u00fdrobe<\/li><li>ISO\/IEC 27001 &#8211; Syst\u00e9m mana\u017e\u00e9rstva informa\u010dnej bezpe\u010dnosti<\/li><li>ISO 22000 &#8211; syst\u00e9m mana\u017e\u00e9rstva bezpe\u010dnosti potrav\u00edn potrav\u00edn<\/li><\/ul>\n\n\n\n<p><\/p>\n","protected":false},"excerpt":{"rendered":"<p>Poradensk\u00e1 a konzulta\u010dn\u00e1 \u010dinnos\u0165 pri pr\u00edprave na certifik\u00e1ciu pod\u013ea \u0161tandardov: ISO 9001 &#8211; Syst\u00e9my mana\u017e\u00e9rstva kvality. Po\u017eiadavky ISO 14001 &#8211; Syst\u00e9my environment\u00e1lneho mana\u017e\u00e9rstva. Po\u017eiadavky s pokynmi na pou\u017eitie ISO 45001 &#8211; Syst\u00e9m mana\u017e\u00e9rstva BOZP. Po\u017eiadavky AQAP 2110 &#8211; Po\u017eiadavky NATO na overovanie kvality vo v\u00fdrobe ISO\/IEC 27001 &#8211; Syst\u00e9m mana\u017e\u00e9rstva informa\u010dnej bezpe\u010dnosti ISO 22000 &#8211; [&hellip;]<\/p>\n","protected":false},"author":2,"featured_media":0,"parent":0,"menu_order":0,"comment_status":"closed","ping_status":"closed","template":"","meta":{"_monsterinsights_skip_tracking":false,"_monsterinsights_sitenote_active":false,"_monsterinsights_sitenote_note":"","_monsterinsights_sitenote_category":0},"_links":{"self":[{"href":"https:\/\/www.iso-poradenstvo.sk\/index.php\/wp-json\/wp\/v2\/pages\/20"}],"collection":[{"href":"https:\/\/www.iso-poradenstvo.sk\/index.php\/wp-json\/wp\/v2\/pages"}],"about":[{"href":"https:\/\/www.iso-poradenstvo.sk\/index.php\/wp-json\/wp\/v2\/types\/page"}],"author":[{"embeddable":true,"href":"https:\/\/www.iso-poradenstvo.sk\/index.php\/wp-json\/wp\/v2\/users\/2"}],"replies":[{"embeddable":true,"href":"https:\/\/www.iso-poradenstvo.sk\/index.php\/wp-json\/wp\/v2\/comments?post=20"}],"version-history":[{"count":8,"href":"https:\/\/www.iso-poradenstvo.sk\/index.php\/wp-json\/wp\/v2\/pages\/20\/revisions"}],"predecessor-version":[{"id":2579,"href":"https:\/\/www.iso-poradenstvo.sk\/index.php\/wp-json\/wp\/v2\/pages\/20\/revisions\/2579"}],"wp:attachment":[{"href":"https:\/\/www.iso-poradenstvo.sk\/index.php\/wp-json\/wp\/v2\/media?parent=20"}],"curies":[{"name":"wp","href":"https:\/\/api.w.org\/{rel}","templated":true}]}}