{"id":125,"date":"2018-05-21T17:03:57","date_gmt":"2018-05-21T17:03:57","guid":{"rendered":"https:\/\/demo.keonthemes.com\/business-consulting\/?page_id=125"},"modified":"2021-10-27T10:13:18","modified_gmt":"2021-10-27T10:13:18","slug":"referencie","status":"publish","type":"page","link":"https:\/\/www.iso-poradenstvo.sk\/index.php\/referencie\/","title":{"rendered":"Referencie"},"content":{"rendered":"\n<p><\/p>\n\n\n\n<h2>Pr\u00ednos pre z\u00e1kazn\u00edkov<\/h2>\n\n\n\n<ul id=\"no_marks\" style=\"font-size:20px\"><li>Zavedenie po\u017eiadaviek certifika\u010dn\u00fdch \u0161tandardov s maxim\u00e1lnym vyu\u017eit\u00edm postupov, ktor\u00e9 s\u00fa u z\u00e1kazn\u00edka zau\u017e\u00edvan\u00e9 &#8211; mana\u017e\u00e9rsky syst\u00e9m \u201eu\u0161it\u00fd na mieru\u201c bez zbyto\u010dn\u00e9ho formalizmu a byrokracie<\/li><li>Podrobn\u00e9 vysvetlenie po\u017eiadaviek certifika\u010dn\u00fdch \u0161tandardov vo vz\u0165ahu ku konkr\u00e9tnym podmienkam a zameraniu organiz\u00e1cie<\/li><li>Jednoduch\u00e1 dokument\u00e1cia a minim\u00e1lne mno\u017estvo novozaveden\u00fdch z\u00e1znamov<\/li><li>Pomoc pri komunik\u00e1cii s certifika\u010dn\u00fdm org\u00e1nom<\/li><li>Asistencia pri auditoch vykon\u00e1van\u00fdch certifika\u010dn\u00fdmi org\u00e1nmi<\/li><li>\u010eal\u0161ia spolupr\u00e1ca pri udr\u017eiavan\u00ed a zlep\u0161ovan\u00ed zaveden\u00e9ho mana\u017e\u00e9rskeho syst\u00e9mu<\/li><\/ul>\n\n\n\n<p><\/p>\n","protected":false},"excerpt":{"rendered":"<p>Pr\u00ednos pre z\u00e1kazn\u00edkov Zavedenie po\u017eiadaviek certifika\u010dn\u00fdch \u0161tandardov s maxim\u00e1lnym vyu\u017eit\u00edm postupov, ktor\u00e9 s\u00fa u z\u00e1kazn\u00edka zau\u017e\u00edvan\u00e9 &#8211; mana\u017e\u00e9rsky syst\u00e9m \u201eu\u0161it\u00fd na mieru\u201c bez zbyto\u010dn\u00e9ho formalizmu a byrokracie Podrobn\u00e9 vysvetlenie po\u017eiadaviek certifika\u010dn\u00fdch \u0161tandardov vo vz\u0165ahu ku konkr\u00e9tnym podmienkam a zameraniu organiz\u00e1cie Jednoduch\u00e1 dokument\u00e1cia a minim\u00e1lne mno\u017estvo novozaveden\u00fdch z\u00e1znamov Pomoc pri komunik\u00e1cii s certifika\u010dn\u00fdm org\u00e1nom Asistencia pri [&hellip;]<\/p>\n","protected":false},"author":2,"featured_media":0,"parent":0,"menu_order":0,"comment_status":"closed","ping_status":"closed","template":"pages\/compact.php","meta":{"_monsterinsights_skip_tracking":false,"_monsterinsights_sitenote_active":false,"_monsterinsights_sitenote_note":"","_monsterinsights_sitenote_category":0},"_links":{"self":[{"href":"https:\/\/www.iso-poradenstvo.sk\/index.php\/wp-json\/wp\/v2\/pages\/125"}],"collection":[{"href":"https:\/\/www.iso-poradenstvo.sk\/index.php\/wp-json\/wp\/v2\/pages"}],"about":[{"href":"https:\/\/www.iso-poradenstvo.sk\/index.php\/wp-json\/wp\/v2\/types\/page"}],"author":[{"embeddable":true,"href":"https:\/\/www.iso-poradenstvo.sk\/index.php\/wp-json\/wp\/v2\/users\/2"}],"replies":[{"embeddable":true,"href":"https:\/\/www.iso-poradenstvo.sk\/index.php\/wp-json\/wp\/v2\/comments?post=125"}],"version-history":[{"count":5,"href":"https:\/\/www.iso-poradenstvo.sk\/index.php\/wp-json\/wp\/v2\/pages\/125\/revisions"}],"predecessor-version":[{"id":2610,"href":"https:\/\/www.iso-poradenstvo.sk\/index.php\/wp-json\/wp\/v2\/pages\/125\/revisions\/2610"}],"wp:attachment":[{"href":"https:\/\/www.iso-poradenstvo.sk\/index.php\/wp-json\/wp\/v2\/media?parent=125"}],"curies":[{"name":"wp","href":"https:\/\/api.w.org\/{rel}","templated":true}]}}